{"id":6,"date":"2023-07-13T09:54:23","date_gmt":"2023-07-13T07:54:23","guid":{"rendered":"http:\/\/ldecodesign.fr\/?page_id=6"},"modified":"2023-12-07T17:24:18","modified_gmt":"2023-12-07T16:24:18","slug":"beaux-portfolios-pour-des-creatifs-exceptionnels","status":"publish","type":"page","link":"https:\/\/ldecodesign.fr\/","title":{"rendered":""},"content":{"rendered":"\n<p><\/p>\n\n\n\n<p><\/p>\n\n\n\n<p class=\"has-text-align-center\"><strong>LD\u00e9coDesign<\/strong> est une soci\u00e9t\u00e9 situ\u00e9e dans l&#8217;H\u00e9rault, plus pr\u00e9cis\u00e9ment \u00e0 <strong>Lunel<\/strong>. Nous travaillons directement sur place dans le <strong>Gard<\/strong> et l&#8217;<strong>H\u00e9rault<\/strong> et servons la France, la Belgique et la Suisse.<\/p>\n\n\n\n<p class=\"has-text-align-center\">Apr\u00e8s une belle carri\u00e8re dans l&#8217;univers de la beaut\u00e9 et de la parfumerie de luxe, \u00e0 l&#8217;issue d&#8217;une formation en d\u00e9coration d&#8217;int\u00e9rieur <strong>LD\u00e9coDesign<\/strong> voit le jour comme une \u00e9vidence. Passionn\u00e9 de d\u00e9coration depuis toujours, ce nouveau challenge semble \u00eatre une renaissance professionnelle avec des d\u00e9sirs <strong>cr\u00e9atifs<\/strong> et <strong>inspirants<\/strong>.<\/p>\n\n\n\n<div style=\"height:55px\" aria-hidden=\"true\" class=\"wp-block-spacer\"><\/div>\n\n\n\n<div class=\"wp-block-group alignfull has-background is-layout-flow wp-block-group-is-layout-flow\" style=\"background-color:#e5e9ec\">\n<div class=\"wp-block-columns is-layout-flex wp-container-core-columns-is-layout-8296c1b3 wp-block-columns-is-layout-flex\" style=\"padding-right:var(--wp--preset--spacing--medium);padding-left:var(--wp--preset--spacing--medium)\">\n<div class=\"wp-block-column is-vertically-aligned-center is-layout-flow wp-block-column-is-layout-flow\">\n<h2 class=\"wp-block-heading\">\u00c0 propos<\/h2>\n\n\n\n<p>Notre \u00e9quipe est sp\u00e9cialis\u00e9e en d\u00e9coration d&#8217;int\u00e9rieur, am\u00e9nagement et agencement d&#8217;espace. Nous intervenons aupr\u00e8s des particuliers et des professionnels (maison, appartement neuf ou en r\u00e9novation, bureaux, restaurants, h\u00f4tels et commerce de proximit\u00e9) et d\u00e9veloppons des partenariats avec les agences immobili\u00e8res afin de valoriser des biens gr\u00e2ce \u00e0 des vues 3D et du Home Staging&#8230;<\/p>\n\n\n\n<div class=\"wp-block-buttons is-horizontal is-content-justification-left is-layout-flex wp-container-core-buttons-is-layout-20be11b6 wp-block-buttons-is-layout-flex\">\n<div class=\"wp-block-button is-style-fill\"><a class=\"wp-block-button__link has-secondary-background-color has-background wp-element-button\" href=\"http:\/\/ldecodesign.fr\/?page_id=7\" style=\"border-radius:27px\">\u00c0 propos<\/a><\/div>\n<\/div>\n\n\n\n<p><\/p>\n<\/div>\n\n\n\n<div class=\"wp-block-column is-layout-flow wp-block-column-is-layout-flow\">\n<div style=\"height:48px\" aria-hidden=\"true\" class=\"wp-block-spacer\"><\/div>\n\n\n\n<figure class=\"wp-block-image size-large is-style-default\"><img loading=\"lazy\" decoding=\"async\" width=\"720\" height=\"1024\" src=\"http:\/\/ldecodesign.fr\/wp-content\/uploads\/2023\/09\/ioufghj-720x1024.png\" alt=\"\" class=\"wp-image-125\" srcset=\"https:\/\/ldecodesign.fr\/wp-content\/uploads\/2023\/09\/ioufghj-720x1024.png 720w, https:\/\/ldecodesign.fr\/wp-content\/uploads\/2023\/09\/ioufghj-211x300.png 211w, https:\/\/ldecodesign.fr\/wp-content\/uploads\/2023\/09\/ioufghj-768x1093.png 768w, https:\/\/ldecodesign.fr\/wp-content\/uploads\/2023\/09\/ioufghj-1079x1536.png 1079w, https:\/\/ldecodesign.fr\/wp-content\/uploads\/2023\/09\/ioufghj-1439x2048.png 1439w, https:\/\/ldecodesign.fr\/wp-content\/uploads\/2023\/09\/ioufghj.png 1920w\" sizes=\"auto, (max-width: 720px) 100vw, 720px\" \/><\/figure>\n<\/div>\n<\/div>\n<\/div>\n\n\n\n<div class=\"wp-block-group alignfull is-layout-flow wp-block-group-is-layout-flow\">\n<div class=\"wp-block-columns are-vertically-aligned-center is-layout-flex wp-container-core-columns-is-layout-8296c1b3 wp-block-columns-is-layout-flex\" style=\"padding-right:var(--wp--preset--spacing--medium);padding-left:var(--wp--preset--spacing--medium)\">\n<div class=\"wp-block-column is-vertically-aligned-center is-layout-flow wp-block-column-is-layout-flow\">\n<div style=\"height:48px\" aria-hidden=\"true\" class=\"wp-block-spacer\"><\/div>\n\n\n\n<figure class=\"wp-block-image size-large\"><img loading=\"lazy\" decoding=\"async\" width=\"768\" height=\"1024\" src=\"http:\/\/ldecodesign.fr\/wp-content\/uploads\/2023\/09\/e053ab29-cb37-4ff3-95d6-448b27ce0bb7-2-768x1024.jpg\" alt=\"\" class=\"wp-image-81\" srcset=\"https:\/\/ldecodesign.fr\/wp-content\/uploads\/2023\/09\/e053ab29-cb37-4ff3-95d6-448b27ce0bb7-2-768x1024.jpg 768w, https:\/\/ldecodesign.fr\/wp-content\/uploads\/2023\/09\/e053ab29-cb37-4ff3-95d6-448b27ce0bb7-2-225x300.jpg 225w, https:\/\/ldecodesign.fr\/wp-content\/uploads\/2023\/09\/e053ab29-cb37-4ff3-95d6-448b27ce0bb7-2.jpg 960w\" sizes=\"auto, (max-width: 768px) 100vw, 768px\" \/><\/figure>\n<\/div>\n\n\n\n<div class=\"wp-block-column is-vertically-aligned-center is-layout-flow wp-block-column-is-layout-flow\">\n<h2 class=\"wp-block-heading\">Mes services<\/h2>\n\n\n\n<p>Chaque projet cr\u00e9atif commence par une conversation, un appel t\u00e9l\u00e9phonique et un \u00e9change d&#8217;id\u00e9es. Nous serons donc heureux de discuter des solutions qui r\u00e9pondent \u00e0 vos besoins et \u00e0 vos objectifs.<\/p>\n\n\n\n<div class=\"wp-block-buttons is-layout-flex wp-block-buttons-is-layout-flex\">\n<div class=\"wp-block-button is-style-fill\"><a class=\"wp-block-button__link has-secondary-background-color has-background wp-element-button\" href=\"http:\/\/ldecodesign.fr\/?page_id=53\" style=\"border-radius:27px\">Services<\/a><\/div>\n<\/div>\n<\/div>\n<\/div>\n<\/div>\n\n\n\n<div style=\"height:100px\" aria-hidden=\"true\" class=\"wp-block-spacer\"><\/div>\n\n\n\n<div class=\"wp-block-group alignfull has-background is-layout-flow wp-block-group-is-layout-flow\" style=\"background-color:#e5e9ec;padding-right:var(--wp--preset--spacing--medium);padding-left:var(--wp--preset--spacing--medium)\">\n<div style=\"height:100px\" aria-hidden=\"true\" class=\"wp-block-spacer\"><\/div>\n\n\n\n<h1 class=\"wp-block-heading has-text-align-center has-black-color has-text-color\"><strong>Inspirations<\/strong><\/h1>\n\n\n\n<div style=\"height:100px\" aria-hidden=\"true\" class=\"wp-block-spacer\"><\/div>\n\n\n\n<figure class=\"wp-block-gallery aligncenter has-nested-images columns-default is-cropped wp-block-gallery-1 is-layout-flex wp-block-gallery-is-layout-flex\">\n<figure class=\"wp-block-image size-large\"><img loading=\"lazy\" decoding=\"async\" width=\"683\" height=\"1024\" data-id=\"127\" src=\"http:\/\/ldecodesign.fr\/wp-content\/uploads\/2023\/09\/pexels-photo-5825576-683x1024.webp\" alt=\"\" class=\"wp-image-127\" srcset=\"https:\/\/ldecodesign.fr\/wp-content\/uploads\/2023\/09\/pexels-photo-5825576-683x1024.webp 683w, https:\/\/ldecodesign.fr\/wp-content\/uploads\/2023\/09\/pexels-photo-5825576-200x300.webp 200w, https:\/\/ldecodesign.fr\/wp-content\/uploads\/2023\/09\/pexels-photo-5825576-768x1152.webp 768w, https:\/\/ldecodesign.fr\/wp-content\/uploads\/2023\/09\/pexels-photo-5825576.webp 800w\" sizes=\"auto, (max-width: 683px) 100vw, 683px\" \/><\/figure>\n\n\n\n<figure class=\"wp-block-image size-large\"><img loading=\"lazy\" decoding=\"async\" width=\"683\" height=\"1024\" data-id=\"129\" src=\"http:\/\/ldecodesign.fr\/wp-content\/uploads\/2023\/09\/pexels-photo-533157-683x1024.jpeg\" alt=\"\" class=\"wp-image-129\" srcset=\"https:\/\/ldecodesign.fr\/wp-content\/uploads\/2023\/09\/pexels-photo-533157-683x1024.jpeg 683w, https:\/\/ldecodesign.fr\/wp-content\/uploads\/2023\/09\/pexels-photo-533157-200x300.jpeg 200w, https:\/\/ldecodesign.fr\/wp-content\/uploads\/2023\/09\/pexels-photo-533157-768x1152.jpeg 768w, https:\/\/ldecodesign.fr\/wp-content\/uploads\/2023\/09\/pexels-photo-533157.jpeg 800w\" sizes=\"auto, (max-width: 683px) 100vw, 683px\" \/><\/figure>\n\n\n\n<figure class=\"wp-block-image size-large\"><img loading=\"lazy\" decoding=\"async\" width=\"684\" height=\"1024\" data-id=\"130\" src=\"http:\/\/ldecodesign.fr\/wp-content\/uploads\/2023\/09\/pexels-photo-1125136-684x1024.webp\" alt=\"\" class=\"wp-image-130\" srcset=\"https:\/\/ldecodesign.fr\/wp-content\/uploads\/2023\/09\/pexels-photo-1125136-684x1024.webp 684w, https:\/\/ldecodesign.fr\/wp-content\/uploads\/2023\/09\/pexels-photo-1125136-200x300.webp 200w, https:\/\/ldecodesign.fr\/wp-content\/uploads\/2023\/09\/pexels-photo-1125136-768x1150.webp 768w, https:\/\/ldecodesign.fr\/wp-content\/uploads\/2023\/09\/pexels-photo-1125136.webp 800w\" sizes=\"auto, (max-width: 684px) 100vw, 684px\" \/><\/figure>\n\n\n\n<figure class=\"wp-block-image size-large\"><img loading=\"lazy\" decoding=\"async\" width=\"683\" height=\"1024\" data-id=\"131\" src=\"http:\/\/ldecodesign.fr\/wp-content\/uploads\/2023\/09\/pexels-photo-2079249-683x1024.jpeg\" alt=\"\" class=\"wp-image-131\" srcset=\"https:\/\/ldecodesign.fr\/wp-content\/uploads\/2023\/09\/pexels-photo-2079249-683x1024.jpeg 683w, https:\/\/ldecodesign.fr\/wp-content\/uploads\/2023\/09\/pexels-photo-2079249-200x300.jpeg 200w, https:\/\/ldecodesign.fr\/wp-content\/uploads\/2023\/09\/pexels-photo-2079249-768x1152.jpeg 768w, https:\/\/ldecodesign.fr\/wp-content\/uploads\/2023\/09\/pexels-photo-2079249.jpeg 800w\" sizes=\"auto, (max-width: 683px) 100vw, 683px\" \/><\/figure>\n\n\n\n<figure class=\"wp-block-image size-large\"><img loading=\"lazy\" decoding=\"async\" width=\"683\" height=\"1024\" data-id=\"132\" src=\"http:\/\/ldecodesign.fr\/wp-content\/uploads\/2023\/09\/pexels-photo-3316926-683x1024.webp\" alt=\"\" class=\"wp-image-132\" srcset=\"https:\/\/ldecodesign.fr\/wp-content\/uploads\/2023\/09\/pexels-photo-3316926-683x1024.webp 683w, https:\/\/ldecodesign.fr\/wp-content\/uploads\/2023\/09\/pexels-photo-3316926-200x300.webp 200w, https:\/\/ldecodesign.fr\/wp-content\/uploads\/2023\/09\/pexels-photo-3316926-768x1152.webp 768w, https:\/\/ldecodesign.fr\/wp-content\/uploads\/2023\/09\/pexels-photo-3316926.webp 800w\" sizes=\"auto, (max-width: 683px) 100vw, 683px\" \/><\/figure>\n\n\n\n<figure class=\"wp-block-image size-large\"><img loading=\"lazy\" decoding=\"async\" width=\"632\" height=\"1024\" data-id=\"134\" src=\"http:\/\/ldecodesign.fr\/wp-content\/uploads\/2023\/09\/pexels-tranmautritam-326504-632x1024.jpg\" alt=\"\" class=\"wp-image-134\" srcset=\"https:\/\/ldecodesign.fr\/wp-content\/uploads\/2023\/09\/pexels-tranmautritam-326504-632x1024.jpg 632w, https:\/\/ldecodesign.fr\/wp-content\/uploads\/2023\/09\/pexels-tranmautritam-326504-185x300.jpg 185w, https:\/\/ldecodesign.fr\/wp-content\/uploads\/2023\/09\/pexels-tranmautritam-326504-768x1244.jpg 768w, https:\/\/ldecodesign.fr\/wp-content\/uploads\/2023\/09\/pexels-tranmautritam-326504-948x1536.jpg 948w, https:\/\/ldecodesign.fr\/wp-content\/uploads\/2023\/09\/pexels-tranmautritam-326504-1264x2048.jpg 1264w, https:\/\/ldecodesign.fr\/wp-content\/uploads\/2023\/09\/pexels-tranmautritam-326504-2000x3240.jpg 2000w, https:\/\/ldecodesign.fr\/wp-content\/uploads\/2023\/09\/pexels-tranmautritam-326504-scaled.jpg 1580w\" sizes=\"auto, (max-width: 632px) 100vw, 632px\" \/><\/figure>\n<\/figure>\n<\/div>\n\n\n\n<div style=\"height:100px\" aria-hidden=\"true\" class=\"wp-block-spacer\"><\/div>\n\n\n\n<div class=\"wp-block-cover alignfull has-parallax is-position-center-center\" style=\"min-height:375px;aspect-ratio:unset;\"><span aria-hidden=\"true\" class=\"wp-block-cover__background has-black-background-color has-background-dim-40 has-background-dim\"><\/span><div role=\"img\" class=\"wp-block-cover__image-background wp-image-50 has-parallax\" style=\"background-position:50% 50%;background-image:url(http:\/\/ldecodesign.fr\/wp-content\/uploads\/2023\/07\/pexels-jonathan-borba-16884258-1-scaled.jpg)\"><\/div><div class=\"wp-block-cover__inner-container is-layout-flow wp-block-cover-is-layout-flow\">\n<p class=\"has-text-align-center has-text-color has-huge-font-size\" style=\"color:#fffffa;line-height:1.1\"><strong><em>Faites de votre maison une extension de vous-m\u00eame !<\/em><\/strong><\/p>\n\n\n\n<p class=\"has-text-align-center\"><\/p>\n\n\n\n<div style=\"height:39px\" aria-hidden=\"true\" class=\"wp-block-spacer\"><\/div>\n\n\n\n<div class=\"wp-block-buttons is-horizontal is-content-justification-center is-layout-flex wp-container-core-buttons-is-layout-03627597 wp-block-buttons-is-layout-flex\">\n<div class=\"wp-block-button is-style-outline is-style-outline--2\"><a class=\"wp-block-button__link has-white-color has-text-color wp-element-button\" href=\"http:\/\/ldecodesign.fr\/?page_id=8\">Contactez-moi<\/a><\/div>\n<\/div>\n<\/div><\/div>\n\n\n\n<div style=\"height:100px\" aria-hidden=\"true\" class=\"wp-block-spacer\"><\/div>\n\n\n\n<h2 class=\"wp-block-heading has-text-align-center\">Vues 3D<\/h2>\n\n\n\n<div style=\"height:var(--wp--preset--spacing--x-small)\" aria-hidden=\"true\" class=\"wp-block-spacer\"><\/div>\n\n\n\n<figure class=\"wp-block-gallery has-nested-images columns-2 wp-block-gallery-3 is-layout-flex wp-block-gallery-is-layout-flex\">\n<figure class=\"wp-block-image size-full\"><img loading=\"lazy\" decoding=\"async\" width=\"1024\" height=\"576\" data-id=\"229\" src=\"https:\/\/ldecodesign.fr\/wp-content\/uploads\/2023\/11\/87393F3A-B6D7-4243-ABA6-A4E3D3AB88A5_1024_576-1.webp\" alt=\"\" class=\"wp-image-229\" srcset=\"https:\/\/ldecodesign.fr\/wp-content\/uploads\/2023\/11\/87393F3A-B6D7-4243-ABA6-A4E3D3AB88A5_1024_576-1.webp 1024w, https:\/\/ldecodesign.fr\/wp-content\/uploads\/2023\/11\/87393F3A-B6D7-4243-ABA6-A4E3D3AB88A5_1024_576-1-300x169.webp 300w\" sizes=\"auto, (max-width: 1024px) 100vw, 1024px\" \/><\/figure>\n\n\n\n<figure class=\"wp-block-image size-full\"><img loading=\"lazy\" decoding=\"async\" width=\"600\" height=\"338\" data-id=\"230\" src=\"https:\/\/ldecodesign.fr\/wp-content\/uploads\/2023\/11\/IMG_3166-1.jpg\" alt=\"\" class=\"wp-image-230\" srcset=\"https:\/\/ldecodesign.fr\/wp-content\/uploads\/2023\/11\/IMG_3166-1.jpg 600w, https:\/\/ldecodesign.fr\/wp-content\/uploads\/2023\/11\/IMG_3166-1-300x169.jpg 300w\" sizes=\"auto, (max-width: 600px) 100vw, 600px\" \/><\/figure>\n\n\n\n<figure class=\"wp-block-image size-full\"><img loading=\"lazy\" decoding=\"async\" width=\"600\" height=\"338\" data-id=\"231\" src=\"https:\/\/ldecodesign.fr\/wp-content\/uploads\/2023\/11\/IMG_3165-1.jpg\" alt=\"\" class=\"wp-image-231\" srcset=\"https:\/\/ldecodesign.fr\/wp-content\/uploads\/2023\/11\/IMG_3165-1.jpg 600w, https:\/\/ldecodesign.fr\/wp-content\/uploads\/2023\/11\/IMG_3165-1-300x169.jpg 300w\" sizes=\"auto, (max-width: 600px) 100vw, 600px\" \/><\/figure>\n\n\n\n<figure class=\"wp-block-image alignwide size-full\"><img loading=\"lazy\" decoding=\"async\" width=\"600\" height=\"338\" data-id=\"232\" src=\"https:\/\/ldecodesign.fr\/wp-content\/uploads\/2023\/11\/IMG_3164-1.jpg\" alt=\"\" class=\"wp-image-232\" srcset=\"https:\/\/ldecodesign.fr\/wp-content\/uploads\/2023\/11\/IMG_3164-1.jpg 600w, https:\/\/ldecodesign.fr\/wp-content\/uploads\/2023\/11\/IMG_3164-1-300x169.jpg 300w\" sizes=\"auto, (max-width: 600px) 100vw, 600px\" \/><\/figure>\n<\/figure>\n\n\n\n<div class=\"wp-block-group has-global-padding is-layout-constrained wp-block-group-is-layout-constrained\">\n<div style=\"height:100px\" aria-hidden=\"true\" class=\"wp-block-spacer\"><\/div>\n<\/div>\n\n\n\n<p class=\"has-text-align-center has-large-font-size\" style=\"font-style:normal;font-weight:600\">Instagram<\/p>\n\n\n\t\t<div id=\"instagram-gallery-feed-qligg-1\" class=\"instagram-gallery-feed\" data-feed=\"{&quot;id&quot;:&quot;qligg-1&quot;,&quot;account_id&quot;:&quot;5786069471496236&quot;,&quot;source&quot;:&quot;username&quot;,&quot;tag&quot;:&quot;wordpress&quot;,&quot;order_by&quot;:&quot;top_media&quot;,&quot;layout&quot;:&quot;gallery&quot;,&quot;limit&quot;:12,&quot;columns&quot;:3,&quot;spacing&quot;:10,&quot;lazy&quot;:false,&quot;responsive&quot;:{&quot;desktop&quot;:{&quot;columns&quot;:3,&quot;spacing&quot;:10},&quot;tablet&quot;:{&quot;columns&quot;:2,&quot;spacing&quot;:8},&quot;mobile&quot;:{&quot;columns&quot;:1,&quot;spacing&quot;:6},&quot;breakpoints&quot;:{&quot;tablet&quot;:768,&quot;mobile&quot;:480}},&quot;aspect_ratio&quot;:{&quot;width&quot;:1,&quot;height&quot;:1},&quot;highlight&quot;:{&quot;tag&quot;:&quot;&quot;,&quot;id&quot;:&quot;&quot;,&quot;position&quot;:&quot;1,3,5&quot;},&quot;reel&quot;:{&quot;hide&quot;:false},&quot;copyright&quot;:{&quot;hide&quot;:false,&quot;placeholder&quot;:&quot;&quot;},&quot;profile&quot;:{&quot;display&quot;:false,&quot;username&quot;:&quot;&quot;,&quot;nickname&quot;:&quot;&quot;,&quot;website&quot;:&quot;&quot;,&quot;biography&quot;:&quot;&quot;,&quot;link_text&quot;:&quot;Follow&quot;,&quot;website_text&quot;:&quot;Website&quot;,&quot;avatar&quot;:&quot;&quot;},&quot;box&quot;:{&quot;display&quot;:false,&quot;padding&quot;:1,&quot;radius&quot;:0,&quot;background&quot;:&quot;#fefefe&quot;,&quot;profile&quot;:false,&quot;desc&quot;:&quot;&quot;,&quot;text_color&quot;:&quot;#000000&quot;},&quot;mask&quot;:{&quot;display&quot;:true,&quot;background&quot;:&quot;#000000&quot;,&quot;icon_color&quot;:&quot;#ffffff&quot;,&quot;likes_count&quot;:true,&quot;comments_count&quot;:true},&quot;card&quot;:{&quot;display&quot;:false,&quot;radius&quot;:1,&quot;font_size&quot;:12,&quot;background&quot;:&quot;#ffffff&quot;,&quot;background_hover&quot;:&quot;&quot;,&quot;text_color&quot;:&quot;#000000&quot;,&quot;padding&quot;:5,&quot;likes_count&quot;:true,&quot;text_length&quot;:10,&quot;comments_count&quot;:true,&quot;text_align&quot;:&quot;left&quot;},&quot;carousel&quot;:{&quot;centered_slides&quot;:false,&quot;autoplay&quot;:false,&quot;autoplay_interval&quot;:3000,&quot;navarrows&quot;:true,&quot;navarrows_color&quot;:&quot;&quot;,&quot;pagination&quot;:true,&quot;pagination_color&quot;:&quot;&quot;},&quot;modal&quot;:{&quot;display&quot;:true,&quot;profile&quot;:true,&quot;media_description&quot;:true,&quot;likes_count&quot;:true,&quot;comments_count&quot;:true,&quot;comments_list&quot;:false,&quot;text_align&quot;:&quot;left&quot;,&quot;modal_align&quot;:&quot;right&quot;,&quot;text_length&quot;:10000,&quot;font_size&quot;:12},&quot;button&quot;:{&quot;display&quot;:true,&quot;text&quot;:&quot;View on Instagram&quot;,&quot;text_color&quot;:&quot;#ffff&quot;,&quot;background&quot;:&quot;&quot;,&quot;background_hover&quot;:&quot;&quot;},&quot;button_load&quot;:{&quot;display&quot;:false,&quot;text&quot;:&quot;Load more...&quot;,&quot;text_color&quot;:&quot;#ffff&quot;,&quot;background&quot;:&quot;&quot;,&quot;background_hover&quot;:&quot;&quot;}}\">\n\t\t<!-- <FeedContainer\/> -->\n\t\t<\/div>\n\t\t","protected":false},"excerpt":{"rendered":"<p>LD\u00e9coDesign est une soci\u00e9t\u00e9 situ\u00e9e dans l&#8217;H\u00e9rault, plus pr\u00e9cis\u00e9ment \u00e0 Lunel. Nous travaillons directement sur place dans le Gard et l&#8217;H\u00e9rault et servons la France, la Belgique et la Suisse. Apr\u00e8s une belle carri\u00e8re dans l&#8217;univers de la beaut\u00e9 et de la parfumerie de luxe, \u00e0 l&#8217;issue d&#8217;une formation en d\u00e9coration d&#8217;int\u00e9rieur LD\u00e9coDesign voit le &hellip; <\/p>\n<p class=\"link-more\"><a href=\"https:\/\/ldecodesign.fr\/\" class=\"more-link\">Read more<span class=\"screen-reader-text\"> &#8220;&#8221;<\/span><\/a><\/p>\n","protected":false},"author":1,"featured_media":50,"parent":0,"menu_order":0,"comment_status":"closed","ping_status":"closed","template":"","meta":{"footnotes":""},"class_list":["post-6","page","type-page","status-publish","has-post-thumbnail","hentry"],"aioseo_notices":[],"_links":{"self":[{"href":"https:\/\/ldecodesign.fr\/index.php?rest_route=\/wp\/v2\/pages\/6","targetHints":{"allow":["GET"]}}],"collection":[{"href":"https:\/\/ldecodesign.fr\/index.php?rest_route=\/wp\/v2\/pages"}],"about":[{"href":"https:\/\/ldecodesign.fr\/index.php?rest_route=\/wp\/v2\/types\/page"}],"author":[{"embeddable":true,"href":"https:\/\/ldecodesign.fr\/index.php?rest_route=\/wp\/v2\/users\/1"}],"replies":[{"embeddable":true,"href":"https:\/\/ldecodesign.fr\/index.php?rest_route=%2Fwp%2Fv2%2Fcomments&post=6"}],"version-history":[{"count":35,"href":"https:\/\/ldecodesign.fr\/index.php?rest_route=\/wp\/v2\/pages\/6\/revisions"}],"predecessor-version":[{"id":331,"href":"https:\/\/ldecodesign.fr\/index.php?rest_route=\/wp\/v2\/pages\/6\/revisions\/331"}],"wp:featuredmedia":[{"embeddable":true,"href":"https:\/\/ldecodesign.fr\/index.php?rest_route=\/wp\/v2\/media\/50"}],"wp:attachment":[{"href":"https:\/\/ldecodesign.fr\/index.php?rest_route=%2Fwp%2Fv2%2Fmedia&parent=6"}],"curies":[{"name":"wp","href":"https:\/\/api.w.org\/{rel}","templated":true}]}}