{"id":7,"date":"2023-07-13T09:54:23","date_gmt":"2023-07-13T07:54:23","guid":{"rendered":"http:\/\/ldecodesign.fr\/?page_id=7"},"modified":"2023-12-07T19:17:01","modified_gmt":"2023-12-07T18:17:01","slug":"about","status":"publish","type":"page","link":"https:\/\/ldecodesign.fr\/?page_id=7","title":{"rendered":"\u00c0 propos"},"content":{"rendered":"<h2 style=\"font-variant-numeric: inherit; font-variant-east-asian: inherit; font-variant-alternates: inherit; font-variant-position: inherit; font-stretch: inherit; font-size: var(--text-4xl); line-height: var(--heading-line-height); font-family: var(--font-secondary); font-optical-sizing: inherit; font-kerning: inherit; font-feature-settings: inherit; font-variation-settings: inherit; margin: 0px; padding-right: 0px; padding-bottom: 0px; padding-left: 0px; border: 0px; color: var(--color-contrast-900); letter-spacing: -0.02em; --heading-line-height: 1.2; word-break: break-word;\">\u00a0<\/h2>\n<p style=\"font-variant-numeric: inherit; font-variant-east-asian: inherit; font-variant-alternates: inherit; font-variant-position: inherit; font-weight: 400; font-stretch: inherit; line-height: inherit; font-optical-sizing: inherit; font-kerning: inherit; font-feature-settings: inherit; font-variation-settings: inherit; border: 0px; letter-spacing: normal;\">Notre \u00e9quipe est sp\u00e9cialis\u00e9e en d\u00e9coration d&#8217;int\u00e9rieur, am\u00e9nagement et agencement d&#8217;espace.<\/p>\n<p style=\"font-variant-numeric: inherit; font-variant-east-asian: inherit; font-variant-alternates: inherit; font-variant-position: inherit; font-weight: 400; font-stretch: inherit; line-height: inherit; font-optical-sizing: inherit; font-kerning: inherit; font-feature-settings: inherit; font-variation-settings: inherit; border: 0px; letter-spacing: normal;\">Nous intervenons aupr\u00e8s des particuliers et des professionnels (maison, appartement neuf ou en r\u00e9novations, bureaux, restaurants, h\u00f4tels et commerce de proximit\u00e9) et d\u00e9veloppons des partenariats avec les agences immobili\u00e8res afin de valoriser des biens gr\u00e2ce \u00e0 des vues 3D et du Home Staging.<\/p>\n<p style=\"font-variant-numeric: inherit; font-variant-east-asian: inherit; font-variant-alternates: inherit; font-variant-position: inherit; font-weight: 400; font-stretch: inherit; line-height: inherit; font-optical-sizing: inherit; font-kerning: inherit; font-feature-settings: inherit; font-variation-settings: inherit; border: 0px; letter-spacing: normal;\">Nous organisons r\u00e9guli\u00e8rement plusieurs ateliers de coaching de d\u00e9coration en priv\u00e9 ou en groupe. Nous d\u00e9veloppons et pr\u00e9sentons notre travail gr\u00e2ce \u00e0 divers outils comme des planches d&#8217;ambiance, couleurs ou encore mat\u00e9riaux mais aussi par des croquis ou des vues 3D, shopping list.<\/p>\n<p style=\"font-variant-numeric: inherit; font-variant-east-asian: inherit; font-variant-alternates: inherit; font-variant-position: inherit; font-weight: 400; font-stretch: inherit; line-height: inherit; font-optical-sizing: inherit; font-kerning: inherit; font-feature-settings: inherit; font-variation-settings: inherit; border: 0px; letter-spacing: normal;\">Nous avons \u00e0 c\u0153ur de bien faire et de satisfaire nos clients, pour ce faire nous proposons des s\u00e9ances de shopping afin de vous guider au mieux dans vos choix d&#8217;accessoires, mobiliers, \u00e9clairage ou tous autres \u00e9l\u00e9ments d&#8217;agr\u00e9ment pour un local ou logement.\u00a0<\/p>\n\n\n<div class=\"wp-block-buttons is-content-justification-center is-layout-flex wp-container-core-buttons-is-layout-a89b3969 wp-block-buttons-is-layout-flex\">\n<div class=\"wp-block-button\"><a class=\"wp-block-button__link has-secondary-background-color has-background has-text-align-center wp-element-button\" href=\"https:\/\/ldecodesign.fr\/?page_id=8\" style=\"border-radius:27px\">Contactez-nous<\/a><\/div>\n<\/div>\n\n\n\n<div style=\"height:100px\" aria-hidden=\"true\" class=\"wp-block-spacer\"><\/div>\n","protected":false},"excerpt":{"rendered":"<p>\u00a0 Notre \u00e9quipe est sp\u00e9cialis\u00e9e en d\u00e9coration d&#8217;int\u00e9rieur, am\u00e9nagement et agencement d&#8217;espace. Nous intervenons aupr\u00e8s des particuliers et des professionnels (maison, appartement neuf ou en r\u00e9novations, bureaux, restaurants, h\u00f4tels et commerce de proximit\u00e9) et d\u00e9veloppons des partenariats avec les agences immobili\u00e8res afin de valoriser des biens gr\u00e2ce \u00e0 des vues 3D et du Home Staging. &hellip; <\/p>\n<p class=\"link-more\"><a href=\"https:\/\/ldecodesign.fr\/?page_id=7\" class=\"more-link\">Read more<span class=\"screen-reader-text\"> &#8220;\u00c0 propos&#8221;<\/span><\/a><\/p>\n","protected":false},"author":1,"featured_media":140,"parent":0,"menu_order":0,"comment_status":"closed","ping_status":"closed","template":"elementor_theme","meta":{"footnotes":""},"class_list":["post-7","page","type-page","status-publish","has-post-thumbnail","hentry"],"aioseo_notices":[],"_links":{"self":[{"href":"https:\/\/ldecodesign.fr\/index.php?rest_route=\/wp\/v2\/pages\/7","targetHints":{"allow":["GET"]}}],"collection":[{"href":"https:\/\/ldecodesign.fr\/index.php?rest_route=\/wp\/v2\/pages"}],"about":[{"href":"https:\/\/ldecodesign.fr\/index.php?rest_route=\/wp\/v2\/types\/page"}],"author":[{"embeddable":true,"href":"https:\/\/ldecodesign.fr\/index.php?rest_route=\/wp\/v2\/users\/1"}],"replies":[{"embeddable":true,"href":"https:\/\/ldecodesign.fr\/index.php?rest_route=%2Fwp%2Fv2%2Fcomments&post=7"}],"version-history":[{"count":29,"href":"https:\/\/ldecodesign.fr\/index.php?rest_route=\/wp\/v2\/pages\/7\/revisions"}],"predecessor-version":[{"id":302,"href":"https:\/\/ldecodesign.fr\/index.php?rest_route=\/wp\/v2\/pages\/7\/revisions\/302"}],"wp:featuredmedia":[{"embeddable":true,"href":"https:\/\/ldecodesign.fr\/index.php?rest_route=\/wp\/v2\/media\/140"}],"wp:attachment":[{"href":"https:\/\/ldecodesign.fr\/index.php?rest_route=%2Fwp%2Fv2%2Fmedia&parent=7"}],"curies":[{"name":"wp","href":"https:\/\/api.w.org\/{rel}","templated":true}]}}