{"id":8,"date":"2023-07-13T09:54:23","date_gmt":"2023-07-13T07:54:23","guid":{"rendered":"http:\/\/ldecodesign.fr\/?page_id=8"},"modified":"2023-12-07T19:19:32","modified_gmt":"2023-12-07T18:19:32","slug":"contact","status":"publish","type":"page","link":"https:\/\/ldecodesign.fr\/?page_id=8","title":{"rendered":"Contact"},"content":{"rendered":"\t\t<div data-elementor-type=\"wp-page\" data-elementor-id=\"8\" class=\"elementor elementor-8\">\n\t\t\t\t\t\t\t\t\t<section class=\"elementor-section elementor-top-section elementor-element elementor-element-794a0c9 elementor-section-boxed elementor-section-height-default elementor-section-height-default\" data-id=\"794a0c9\" data-element_type=\"section\">\n\t\t\t\t\t\t<div class=\"elementor-container elementor-column-gap-default\">\n\t\t\t\t\t<div class=\"elementor-column elementor-col-100 elementor-top-column elementor-element elementor-element-755f4d47\" data-id=\"755f4d47\" data-element_type=\"column\">\n\t\t\t<div class=\"elementor-widget-wrap elementor-element-populated\">\n\t\t\t\t\t\t\t\t<div class=\"elementor-element elementor-element-79e1106 elementor-widget elementor-widget-image\" data-id=\"79e1106\" data-element_type=\"widget\" data-widget_type=\"image.default\">\n\t\t\t\t<div class=\"elementor-widget-container\">\n\t\t\t<style>\/*! elementor - v3.14.0 - 26-06-2023 *\/\n.elementor-widget-image{text-align:center}.elementor-widget-image a{display:inline-block}.elementor-widget-image a img[src$=\".svg\"]{width:48px}.elementor-widget-image img{vertical-align:middle;display:inline-block}<\/style>\t\t\t\t\t\t\t\t\t\t\t\t<img loading=\"lazy\" decoding=\"async\" width=\"768\" height=\"512\" src=\"https:\/\/ldecodesign.fr\/wp-content\/uploads\/2023\/09\/pexels-juan-pablo-serrano-arenas-967016-1-768x512.jpg\" class=\"attachment-medium_large size-medium_large wp-image-142\" alt=\"Contact image\" srcset=\"https:\/\/ldecodesign.fr\/wp-content\/uploads\/2023\/09\/pexels-juan-pablo-serrano-arenas-967016-1-768x512.jpg 768w, https:\/\/ldecodesign.fr\/wp-content\/uploads\/2023\/09\/pexels-juan-pablo-serrano-arenas-967016-1-300x200.jpg 300w, https:\/\/ldecodesign.fr\/wp-content\/uploads\/2023\/09\/pexels-juan-pablo-serrano-arenas-967016-1-1024x683.jpg 1024w, https:\/\/ldecodesign.fr\/wp-content\/uploads\/2023\/09\/pexels-juan-pablo-serrano-arenas-967016-1-1536x1024.jpg 1536w, https:\/\/ldecodesign.fr\/wp-content\/uploads\/2023\/09\/pexels-juan-pablo-serrano-arenas-967016-1.jpg 1920w\" sizes=\"auto, 100vw\" \/>\t\t\t\t\t\t\t\t\t\t\t\t\t\t\t<\/div>\n\t\t\t\t<\/div>\n\t\t\t\t<div class=\"elementor-element elementor-element-2beb95ba elementor-widget elementor-widget-text-editor\" data-id=\"2beb95ba\" data-element_type=\"widget\" data-widget_type=\"text-editor.default\">\n\t\t\t\t<div class=\"elementor-widget-container\">\n\t\t\t<style>\/*! elementor - v3.14.0 - 26-06-2023 *\/\n.elementor-widget-text-editor.elementor-drop-cap-view-stacked .elementor-drop-cap{background-color:#69727d;color:#fff}.elementor-widget-text-editor.elementor-drop-cap-view-framed .elementor-drop-cap{color:#69727d;border:3px solid;background-color:transparent}.elementor-widget-text-editor:not(.elementor-drop-cap-view-default) .elementor-drop-cap{margin-top:8px}.elementor-widget-text-editor:not(.elementor-drop-cap-view-default) .elementor-drop-cap-letter{width:1em;height:1em}.elementor-widget-text-editor .elementor-drop-cap{float:left;text-align:center;line-height:1;font-size:50px}.elementor-widget-text-editor .elementor-drop-cap-letter{display:inline-block}<\/style>\t\t\t\t<p><!-- wp:paragraph --><\/p>\n<p><span style=\"font-family: var( --e-global-typography-text-font-family ), Sans-serif; font-weight: var( --e-global-typography-text-font-weight );\">Parce que chaque changement d\u00e9bute par une conversation, un coup de fil, une interaction&#8230; Nous serions ravis de discuter avec vous afin de trouver la r\u00e9ponse appropri\u00e9e \u00e0 vos exigences.<\/span><\/p>\n<p><!-- \/wp:paragraph --><!-- wp:paragraph --><\/p>\n<p>Pour toute demande de discussion pr\u00e9liminaire ou de devis : prenez contact avec nous.<\/p>\n<p><!-- \/wp:paragraph --><!-- wp:paragraph --><\/p>\n<p>Une simple question ? Envoyez-nous un message, nous vous r\u00e9pondrons dans les meilleurs d\u00e9lais.<\/p>\n<p><!-- \/wp:paragraph --><!-- wp:wpforms\/form-selector {\"clientId\":\"2bbe2273-df19-4c45-a896-20550bfc8cfc\",\"formId\":\"93\",\"buttonBackgroundColor\":\"#7bdcb5\",\"copyPasteJsonValue\":\"{\\u0022displayTitle\\u0022:false,\\u0022displayDesc\\u0022:false,\\u0022fieldSize\\u0022:\\u0022medium\\u0022,\\u0022fieldBorderRadius\\u0022:\\u00223px\\u0022,\\u0022fieldBackgroundColor\\u0022:\\u0022#ffffff\\u0022,\\u0022fieldBorderColor\\u0022:\\u0022rgba( 0, 0, 0, 0.25 )\\u0022,\\u0022fieldTextColor\\u0022:\\u0022rgba( 0, 0, 0, 0.7 )\\u0022,\\u0022labelSize\\u0022:\\u0022medium\\u0022,\\u0022labelColor\\u0022:\\u0022rgba( 0, 0, 0, 0.85 )\\u0022,\\u0022labelSublabelColor\\u0022:\\u0022rgba( 0, 0, 0, 0.55 )\\u0022,\\u0022labelErrorColor\\u0022:\\u0022#d63637\\u0022,\\u0022buttonSize\\u0022:\\u0022medium\\u0022,\\u0022buttonBorderRadius\\u0022:\\u00223px\\u0022,\\u0022buttonBackgroundColor\\u0022:\\u0022#7bdcb5\\u0022,\\u0022buttonTextColor\\u0022:\\u0022#ffffff\\u0022}\"} \/--><\/p>\t\t\t\t\t\t<\/div>\n\t\t\t\t<\/div>\n\t\t\t\t\t<\/div>\n\t\t<\/div>\n\t\t\t\t\t\t\t<\/div>\n\t\t<\/section>\n\t\t\t\t<section class=\"elementor-section elementor-top-section elementor-element elementor-element-5d58d70 elementor-section-boxed elementor-section-height-default elementor-section-height-default\" data-id=\"5d58d70\" data-element_type=\"section\">\n\t\t\t\t\t\t<div class=\"elementor-container elementor-column-gap-default\">\n\t\t\t\t\t<div class=\"elementor-column elementor-col-100 elementor-top-column elementor-element elementor-element-8b3b7d0\" data-id=\"8b3b7d0\" data-element_type=\"column\">\n\t\t\t<div class=\"elementor-widget-wrap elementor-element-populated\">\n\t\t\t\t\t\t\t\t<div class=\"elementor-element elementor-element-3d84a67 elementor-widget elementor-widget-wpforms\" data-id=\"3d84a67\" data-element_type=\"widget\" data-widget_type=\"wpforms.default\">\n\t\t\t\t<div class=\"elementor-widget-container\">\n\t\t\t<style id=\"wpforms-css-vars-root\">\n\t\t\t\t:root {\n\t\t\t\t\t--wpforms-field-border-radius: 3px;\n--wpforms-field-background-color: #ffffff;\n--wpforms-field-border-color: rgba( 0, 0, 0, 0.25 );\n--wpforms-field-text-color: rgba( 0, 0, 0, 0.7 );\n--wpforms-label-color: rgba( 0, 0, 0, 0.85 );\n--wpforms-label-sublabel-color: rgba( 0, 0, 0, 0.55 );\n--wpforms-label-error-color: #d63637;\n--wpforms-button-border-radius: 3px;\n--wpforms-button-background-color: #066aab;\n--wpforms-button-text-color: #ffffff;\n--wpforms-field-size-input-height: 43px;\n--wpforms-field-size-input-spacing: 15px;\n--wpforms-field-size-font-size: 16px;\n--wpforms-field-size-line-height: 19px;\n--wpforms-field-size-padding-h: 14px;\n--wpforms-field-size-checkbox-size: 16px;\n--wpforms-field-size-sublabel-spacing: 5px;\n--wpforms-field-size-icon-size: 1;\n--wpforms-label-size-font-size: 16px;\n--wpforms-label-size-line-height: 19px;\n--wpforms-label-size-sublabel-font-size: 14px;\n--wpforms-label-size-sublabel-line-height: 17px;\n--wpforms-button-size-font-size: 17px;\n--wpforms-button-size-height: 41px;\n--wpforms-button-size-padding-h: 15px;\n--wpforms-button-size-margin-top: 10px;\n\n\t\t\t\t}\n\t\t\t<\/style><style id=\"wpforms-css-vars-elementor-widget-3d84a67\">\n\t\t\t\t.elementor-widget-wpforms.elementor-element-3d84a67 {\n\t\t\t\t\t--wpforms-button-border-radius: 27px;\n--wpforms-button-background-color: #00ABA0;\n--wpforms-field-size-input-height: 43px;\n--wpforms-field-size-input-spacing: 15px;\n--wpforms-field-size-font-size: 16px;\n--wpforms-field-size-line-height: 19px;\n--wpforms-field-size-padding-h: 14px;\n--wpforms-field-size-checkbox-size: 16px;\n--wpforms-field-size-sublabel-spacing: 5px;\n--wpforms-field-size-icon-size: 1;\n--wpforms-label-size-font-size: 16px;\n--wpforms-label-size-line-height: 19px;\n--wpforms-label-size-sublabel-font-size: 14px;\n--wpforms-label-size-sublabel-line-height: 17px;\n--wpforms-button-size-font-size: 17px;\n--wpforms-button-size-height: 41px;\n--wpforms-button-size-padding-h: 15px;\n--wpforms-button-size-margin-top: 10px;\n\n\t\t\t\t}\n\t\t\t<\/style><div class=\"wpforms-container wpforms-container-full wpforms-render-modern\" id=\"wpforms-251\"><form id=\"wpforms-form-251\" class=\"wpforms-validate wpforms-form wpforms-ajax-form\" data-formid=\"251\" method=\"post\" enctype=\"multipart\/form-data\" action=\"\/index.php?rest_route=%2Fwp%2Fv2%2Fpages%2F8\" data-token=\"80832c12eba75f465fd013bf8583fb1d\"><noscript class=\"wpforms-error-noscript\">Please enable JavaScript in your browser to complete this form.<\/noscript><div class=\"wpforms-hidden\" id=\"wpforms-error-noscript\">Please enable JavaScript in your browser to complete this form.<\/div><div class=\"wpforms-field-container\"><div id=\"wpforms-251-field_0-container\" class=\"wpforms-field wpforms-field-name\" data-field-id=\"0\"><label class=\"wpforms-field-label\" for=\"wpforms-251-field_0\">Nom et pr\u00e9nom <span class=\"wpforms-required-label\" aria-hidden=\"true\">*<\/span><\/label><input type=\"text\" id=\"wpforms-251-field_0\" class=\"wpforms-field-medium wpforms-field-required\" name=\"wpforms[fields][0]\" aria-errormessage=\"wpforms-251-field_0-error\" required><\/div><div id=\"wpforms-251-field_1-container\" class=\"wpforms-field wpforms-field-email\" data-field-id=\"1\"><label class=\"wpforms-field-label\" for=\"wpforms-251-field_1\">Email <span class=\"wpforms-required-label\" aria-hidden=\"true\">*<\/span><\/label><input type=\"email\" id=\"wpforms-251-field_1\" class=\"wpforms-field-medium wpforms-field-required\" name=\"wpforms[fields][1]\" spellcheck=\"false\" aria-errormessage=\"wpforms-251-field_1-error\" required><\/div><div id=\"wpforms-251-field_2-container\" class=\"wpforms-field wpforms-field-textarea\" data-field-id=\"2\"><label class=\"wpforms-field-label\" for=\"wpforms-251-field_2\">Message<\/label><textarea id=\"wpforms-251-field_2\" class=\"wpforms-field-medium\" name=\"wpforms[fields][2]\" aria-errormessage=\"wpforms-251-field_2-error\" ><\/textarea><\/div><\/div><!-- .wpforms-field-container --><div class=\"wpforms-submit-container\" ><input type=\"hidden\" name=\"wpforms[id]\" value=\"251\"><input type=\"hidden\" name=\"wpforms[author]\" value=\"1\"><button type=\"submit\" name=\"wpforms[submit]\" id=\"wpforms-submit-251\" class=\"wpforms-submit\" data-alt-text=\"En cours d&#039;envoi...\" data-submit-text=\"Envoyer\" aria-live=\"assertive\" value=\"wpforms-submit\">Envoyer<\/button><img loading=\"lazy\" decoding=\"async\" src=\"https:\/\/ldecodesign.fr\/wp-content\/plugins\/wpforms-lite\/assets\/images\/submit-spin.svg\" class=\"wpforms-submit-spinner\" style=\"display: none;\" width=\"26\" height=\"26\" alt=\"Loading\"><\/div><\/form><\/div>  <!-- .wpforms-container -->\t\t<\/div>\n\t\t\t\t<\/div>\n\t\t\t\t\t<\/div>\n\t\t<\/div>\n\t\t\t\t\t\t\t<\/div>\n\t\t<\/section>\n\t\t\t\t<section class=\"elementor-section elementor-top-section elementor-element elementor-element-47161b4 elementor-section-boxed elementor-section-height-default elementor-section-height-default\" data-id=\"47161b4\" data-element_type=\"section\">\n\t\t\t\t\t\t<div class=\"elementor-container elementor-column-gap-default\">\n\t\t\t\t\t<div class=\"elementor-column elementor-col-100 elementor-top-column elementor-element elementor-element-0bbfe47\" data-id=\"0bbfe47\" data-element_type=\"column\">\n\t\t\t<div class=\"elementor-widget-wrap elementor-element-populated\">\n\t\t\t\t\t\t\t\t<div class=\"elementor-element elementor-element-6474755 elementor-widget elementor-widget-spacer\" data-id=\"6474755\" data-element_type=\"widget\" data-widget_type=\"spacer.default\">\n\t\t\t\t<div class=\"elementor-widget-container\">\n\t\t\t<style>\/*! elementor - v3.14.0 - 26-06-2023 *\/\n.elementor-column .elementor-spacer-inner{height:var(--spacer-size)}.e-con{--container-widget-width:100%}.e-con-inner>.elementor-widget-spacer,.e-con>.elementor-widget-spacer{width:var(--container-widget-width,var(--spacer-size));--align-self:var(--container-widget-align-self,initial);--flex-shrink:0}.e-con-inner>.elementor-widget-spacer>.elementor-widget-container,.e-con-inner>.elementor-widget-spacer>.elementor-widget-container>.elementor-spacer,.e-con>.elementor-widget-spacer>.elementor-widget-container,.e-con>.elementor-widget-spacer>.elementor-widget-container>.elementor-spacer{height:100%}.e-con-inner>.elementor-widget-spacer>.elementor-widget-container>.elementor-spacer>.elementor-spacer-inner,.e-con>.elementor-widget-spacer>.elementor-widget-container>.elementor-spacer>.elementor-spacer-inner{height:var(--container-widget-height,var(--spacer-size))}<\/style>\t\t<div class=\"elementor-spacer\">\n\t\t\t<div class=\"elementor-spacer-inner\"><\/div>\n\t\t<\/div>\n\t\t\t\t<\/div>\n\t\t\t\t<\/div>\n\t\t\t\t\t<\/div>\n\t\t<\/div>\n\t\t\t\t\t\t\t<\/div>\n\t\t<\/section>\n\t\t\t\t\t\t\t<\/div>\n\t\t","protected":false},"excerpt":{"rendered":"<p>Parce que chaque changement d\u00e9bute par une conversation, un coup de fil, une interaction&#8230; Nous serions ravis de discuter avec vous afin de trouver la r\u00e9ponse appropri\u00e9e \u00e0 vos exigences. Pour toute demande de discussion pr\u00e9liminaire ou de devis : prenez contact avec nous. Une simple question ? Envoyez-nous un message, nous vous r\u00e9pondrons dans &hellip; <\/p>\n<p class=\"link-more\"><a href=\"https:\/\/ldecodesign.fr\/?page_id=8\" class=\"more-link\">Read more<span class=\"screen-reader-text\"> &#8220;Contact&#8221;<\/span><\/a><\/p>\n","protected":false},"author":1,"featured_media":0,"parent":0,"menu_order":0,"comment_status":"closed","ping_status":"closed","template":"","meta":{"footnotes":""},"class_list":["post-8","page","type-page","status-publish","hentry"],"aioseo_notices":[],"_links":{"self":[{"href":"https:\/\/ldecodesign.fr\/index.php?rest_route=\/wp\/v2\/pages\/8","targetHints":{"allow":["GET"]}}],"collection":[{"href":"https:\/\/ldecodesign.fr\/index.php?rest_route=\/wp\/v2\/pages"}],"about":[{"href":"https:\/\/ldecodesign.fr\/index.php?rest_route=\/wp\/v2\/types\/page"}],"author":[{"embeddable":true,"href":"https:\/\/ldecodesign.fr\/index.php?rest_route=\/wp\/v2\/users\/1"}],"replies":[{"embeddable":true,"href":"https:\/\/ldecodesign.fr\/index.php?rest_route=%2Fwp%2Fv2%2Fcomments&post=8"}],"version-history":[{"count":40,"href":"https:\/\/ldecodesign.fr\/index.php?rest_route=\/wp\/v2\/pages\/8\/revisions"}],"predecessor-version":[{"id":315,"href":"https:\/\/ldecodesign.fr\/index.php?rest_route=\/wp\/v2\/pages\/8\/revisions\/315"}],"wp:attachment":[{"href":"https:\/\/ldecodesign.fr\/index.php?rest_route=%2Fwp%2Fv2%2Fmedia&parent=8"}],"curies":[{"name":"wp","href":"https:\/\/api.w.org\/{rel}","templated":true}]}}